{"id":1963,"date":"2024-08-09T00:30:07","date_gmt":"2024-08-08T22:30:07","guid":{"rendered":"https:\/\/soyfashiononline.com\/hn\/?post_type=product&#038;p=1963"},"modified":"2024-10-01T00:13:05","modified_gmt":"2024-09-30T22:13:05","slug":"st2304262248220308","status":"publish","type":"product","link":"https:\/\/soyfashiononline.com\/hn\/producto\/st2304262248220308\/","title":{"rendered":"Conjunto de bikini de maternidad con cord\u00f3n y estampado tropical de 3 piezas con kimono"},"content":{"rendered":"<p>\u00ab\u00bfEst\u00e1s lista para transformar tus d\u00edas de sol en momentos de estilo y confianza? Nos complace presentar nuestra exclusiva colecci\u00f3n de trajes de ba\u00f1o de maternidad, dise\u00f1ada especialmente para ti.<\/p>\n<p>En SoyFashion, entendemos que un d\u00eda perfecto en la playa o la piscina comienza con el traje de ba\u00f1o ideal. Por eso, hemos seleccionado los mejores tejidos, estilos y dise\u00f1os para que cada traje de ba\u00f1o no solo te brinde comodidad, sino tambi\u00e9n te haga sentir incre\u00edblemente bien.<\/p>\n<p>\u00bfQu\u00e9 hace especiales a nuestros trajes de ba\u00f1o de maternidad?<\/p>\n<p><strong>Materiales Premium:<\/strong>\u00a0Desde suaves lycras hasta tejidos ecol\u00f3gicos, nuestros trajes de ba\u00f1o est\u00e1n confeccionados con materiales que se adaptan a tu piel y te mantienen fresca y c\u00f3moda bajo el sol.<\/p>\n<p><strong>Dise\u00f1os Elegantes:<\/strong>\u00a0\u00a1Di adi\u00f3s a los trajes de ba\u00f1o aburridos! Nuestra colecci\u00f3n incluye desde cl\u00e1sicos atemporales hasta las \u00faltimas tendencias en moda de playa. Encuentra el estilo que refleje tu personalidad y te haga sentir fabulosa.<\/p>\n<p><strong>Ajuste Perfecto:<\/strong>\u00a0Nuestros trajes de ba\u00f1o de maternidad est\u00e1n dise\u00f1ados para adaptarse a tu cuerpo cambiante de manera ideal. Con una variedad de tallas y cortes espec\u00edficos, encontrar\u00e1s la prenda que se ajusta a tus curvas y te ofrece libertad de movimiento y soporte adicional donde m\u00e1s lo necesitas.<\/p>\n<p><strong>Detalles Cuidadosos:<\/strong>\u00a0Desde delicados detalles hasta estampados \u00fanicos, cada traje de ba\u00f1o est\u00e1 decorado con elementos que realzan tu estilo y te garantizan una experiencia de uso inolvidable.\u00bb<\/p>\n","protected":false},"excerpt":{"rendered":"<p>\u00ab\u00bfEst\u00e1s lista para transformar tus d\u00edas de sol en momentos de estilo y confianza? Nos complace presentar nuestra exclusiva colecci\u00f3n de trajes de ba\u00f1o de maternidad, dise\u00f1ada especialmente para ti. En SoyFashion, entendemos que un d\u00eda perfecto en la playa o la piscina comienza con el traje de ba\u00f1o ideal. Por eso, hemos seleccionado los [&hellip;]<\/p>\n","protected":false},"featured_media":1966,"comment_status":"open","ping_status":"closed","template":"","meta":[],"product_cat":[92],"product_tag":[],"_links":{"self":[{"href":"https:\/\/soyfashiononline.com\/hn\/wp-json\/wp\/v2\/product\/1963"}],"collection":[{"href":"https:\/\/soyfashiononline.com\/hn\/wp-json\/wp\/v2\/product"}],"about":[{"href":"https:\/\/soyfashiononline.com\/hn\/wp-json\/wp\/v2\/types\/product"}],"replies":[{"embeddable":true,"href":"https:\/\/soyfashiononline.com\/hn\/wp-json\/wp\/v2\/comments?post=1963"}],"version-history":[{"count":1,"href":"https:\/\/soyfashiononline.com\/hn\/wp-json\/wp\/v2\/product\/1963\/revisions"}],"predecessor-version":[{"id":1974,"href":"https:\/\/soyfashiononline.com\/hn\/wp-json\/wp\/v2\/product\/1963\/revisions\/1974"}],"wp:featuredmedia":[{"embeddable":true,"href":"https:\/\/soyfashiononline.com\/hn\/wp-json\/wp\/v2\/media\/1966"}],"wp:attachment":[{"href":"https:\/\/soyfashiononline.com\/hn\/wp-json\/wp\/v2\/media?parent=1963"}],"wp:term":[{"taxonomy":"product_cat","embeddable":true,"href":"https:\/\/soyfashiononline.com\/hn\/wp-json\/wp\/v2\/product_cat?post=1963"},{"taxonomy":"product_tag","embeddable":true,"href":"https:\/\/soyfashiononline.com\/hn\/wp-json\/wp\/v2\/product_tag?post=1963"}],"curies":[{"name":"wp","href":"https:\/\/api.w.org\/{rel}","templated":true}]}}