{"id":2339,"date":"2024-08-25T19:38:54","date_gmt":"2024-08-25T17:38:54","guid":{"rendered":"https:\/\/soyfashiononline.com\/hn\/?post_type=product&#038;p=2339"},"modified":"2026-02-16T04:17:29","modified_gmt":"2026-02-16T03:17:29","slug":"3pijamas_1250","status":"publish","type":"product","link":"https:\/\/soyfashiononline.com\/hn\/producto\/3pijamas_1250\/","title":{"rendered":"Promo 3Pijamas x L.1250"},"content":{"rendered":"<p>\u00a1Hola, amantes de la comodidad!<\/p>\n<p>\u00a1Prep\u00e1rense para disfrutar del descanso con nuestra promoci\u00f3n especial! Durante un tiempo limitado, les ofrecemos un 3Pijamas para dama por L.1250.<\/p>\n<p>Es la oportunidad perfecta para renovar su colecci\u00f3n de descanso y experimentar con diferentes estilos. Elijan entre nuestros dise\u00f1os modernos, cortes elegantes y materiales suaves que les brindar\u00e1n la m\u00e1xima comodidad y estilo.<\/p>\n<p>Visiten nuestra tienda en l\u00ednea, encuentren sus favoritos y aprovechen esta oferta incre\u00edble antes de que se agoten. \u00a1No se pierdan la oportunidad de llevarse tres pijamas fabulosos por el precio de dos!<\/p>\n","protected":false},"excerpt":{"rendered":"<p>Aprovecha esta promocion, L.1250 x 3 Pijamas<br \/>\nAplica en todos nuestros estilos disponibles. <\/p>\n<p>Costo por envio varia dependiendo de la zona. <\/p>\n","protected":false},"featured_media":7242,"comment_status":"open","ping_status":"closed","template":"","meta":[],"product_cat":[22],"product_tag":[],"_links":{"self":[{"href":"https:\/\/soyfashiononline.com\/hn\/wp-json\/wp\/v2\/product\/2339"}],"collection":[{"href":"https:\/\/soyfashiononline.com\/hn\/wp-json\/wp\/v2\/product"}],"about":[{"href":"https:\/\/soyfashiononline.com\/hn\/wp-json\/wp\/v2\/types\/product"}],"replies":[{"embeddable":true,"href":"https:\/\/soyfashiononline.com\/hn\/wp-json\/wp\/v2\/comments?post=2339"}],"version-history":[{"count":4,"href":"https:\/\/soyfashiononline.com\/hn\/wp-json\/wp\/v2\/product\/2339\/revisions"}],"predecessor-version":[{"id":7241,"href":"https:\/\/soyfashiononline.com\/hn\/wp-json\/wp\/v2\/product\/2339\/revisions\/7241"}],"wp:featuredmedia":[{"embeddable":true,"href":"https:\/\/soyfashiononline.com\/hn\/wp-json\/wp\/v2\/media\/7242"}],"wp:attachment":[{"href":"https:\/\/soyfashiononline.com\/hn\/wp-json\/wp\/v2\/media?parent=2339"}],"wp:term":[{"taxonomy":"product_cat","embeddable":true,"href":"https:\/\/soyfashiononline.com\/hn\/wp-json\/wp\/v2\/product_cat?post=2339"},{"taxonomy":"product_tag","embeddable":true,"href":"https:\/\/soyfashiononline.com\/hn\/wp-json\/wp\/v2\/product_tag?post=2339"}],"curies":[{"name":"wp","href":"https:\/\/api.w.org\/{rel}","templated":true}]}}