{"id":2372,"date":"2024-08-26T23:05:30","date_gmt":"2024-08-26T21:05:30","guid":{"rendered":"https:\/\/soyfashiononline.com\/hn\/?post_type=product&#038;p=2372"},"modified":"2025-08-18T21:44:35","modified_gmt":"2025-08-18T19:44:35","slug":"sz2306245807657553","status":"publish","type":"product","link":"https:\/\/soyfashiononline.com\/hn\/producto\/sz2306245807657553\/","title":{"rendered":"Vestido cover up bajo simetrico de malla transparente"},"content":{"rendered":"<p>\u00ab\u00bfEst\u00e1s lista para transformar tus d\u00edas de sol en momentos de estilo y confianza? Nos complace presentar nuestra exclusiva colecci\u00f3n de salidas de ba\u00f1o para dama, dise\u00f1ada especialmente para ti.<\/p>\n<p>En SoyFashion, entendemos que un d\u00eda perfecto en la playa o la piscina no solo depende del traje de ba\u00f1o ideal, sino tambi\u00e9n de una salida de ba\u00f1o que complemente tu look. Por eso, hemos seleccionado los mejores tejidos, estilos y dise\u00f1os para que cada salida de ba\u00f1o no solo te brinde comodidad, sino tambi\u00e9n te haga sentir incre\u00edblemente bien.<\/p>\n<p>\u00bfQu\u00e9 hace especiales a nuestras salidas de ba\u00f1o?<\/p>\n<p><strong>Materiales Premium:<\/strong>\u00a0Desde suaves algodones hasta tejidos ligeros y transpirables, nuestras salidas de ba\u00f1o est\u00e1n confeccionadas con materiales que se adaptan a tu piel y te mantienen fresca bajo el sol.<\/p>\n<p><strong>Dise\u00f1os Elegantes:<\/strong>\u00a0\u00a1Di adi\u00f3s a las salidas de ba\u00f1o aburridas! Nuestra colecci\u00f3n incluye desde cl\u00e1sicos atemporales hasta las \u00faltimas tendencias en moda de playa. Encuentra el estilo que refleje tu personalidad y te haga sentir fabulosa.<\/p>\n<p><strong>Ajuste Perfecto:<\/strong>\u00a0Nuestras salidas de ba\u00f1o est\u00e1n dise\u00f1adas para adaptarse a tu cuerpo de manera ideal. Con una variedad de tallas y cortes, encontrar\u00e1s la prenda que se ajusta a tus curvas y te ofrece libertad de movimiento.<\/p>\n<p><strong>Detalles Cuidadosos:<\/strong>\u00a0Desde delicados detalles hasta estampados \u00fanicos, cada salida de ba\u00f1o est\u00e1 decorada con elementos que realzan tu estilo y te garantizan una experiencia de uso inolvidable.\u00bb<\/p>\n","protected":false},"excerpt":{"rendered":"<p>Este producto no incluye el traje de ba\u00f1o, el traje que sale debajo de la &lt;salida de ba\u00f1o&gt; es una referencia de como se mira el producto.<br \/>\nsz2306245807657553-D6<\/p>\n","protected":false},"featured_media":2375,"comment_status":"open","ping_status":"closed","template":"","meta":[],"product_cat":[29],"product_tag":[],"_links":{"self":[{"href":"https:\/\/soyfashiononline.com\/hn\/wp-json\/wp\/v2\/product\/2372"}],"collection":[{"href":"https:\/\/soyfashiononline.com\/hn\/wp-json\/wp\/v2\/product"}],"about":[{"href":"https:\/\/soyfashiononline.com\/hn\/wp-json\/wp\/v2\/types\/product"}],"replies":[{"embeddable":true,"href":"https:\/\/soyfashiononline.com\/hn\/wp-json\/wp\/v2\/comments?post=2372"}],"version-history":[{"count":3,"href":"https:\/\/soyfashiononline.com\/hn\/wp-json\/wp\/v2\/product\/2372\/revisions"}],"predecessor-version":[{"id":5591,"href":"https:\/\/soyfashiononline.com\/hn\/wp-json\/wp\/v2\/product\/2372\/revisions\/5591"}],"wp:featuredmedia":[{"embeddable":true,"href":"https:\/\/soyfashiononline.com\/hn\/wp-json\/wp\/v2\/media\/2375"}],"wp:attachment":[{"href":"https:\/\/soyfashiononline.com\/hn\/wp-json\/wp\/v2\/media?parent=2372"}],"wp:term":[{"taxonomy":"product_cat","embeddable":true,"href":"https:\/\/soyfashiononline.com\/hn\/wp-json\/wp\/v2\/product_cat?post=2372"},{"taxonomy":"product_tag","embeddable":true,"href":"https:\/\/soyfashiononline.com\/hn\/wp-json\/wp\/v2\/product_tag?post=2372"}],"curies":[{"name":"wp","href":"https:\/\/api.w.org\/{rel}","templated":true}]}}