{"id":5028,"date":"2025-04-21T02:53:26","date_gmt":"2025-04-21T00:53:26","guid":{"rendered":"https:\/\/soyfashiononline.com\/hn\/?post_type=product&#038;p=5028"},"modified":"2026-01-19T04:08:08","modified_gmt":"2026-01-19T03:08:08","slug":"trajebano_pijama","status":"publish","type":"product","link":"https:\/\/soyfashiononline.com\/hn\/producto\/trajebano_pijama\/","title":{"rendered":"Promo Pijama + Traje de Ba\u00f1o"},"content":{"rendered":"<p>\ud83c\udf89 \u00a1Oferta que te har\u00e1 so\u00f1ar y brillar! \ud83c\udf19\u2600\ufe0f<br \/>\n\u00bfLista para relajarte en casa y robar miradas en la playa?<br \/>\n\ud83d\udca5 Ll\u00e9vate tu pijama favorito + un traje de ba\u00f1o incre\u00edble por solo L.990 \ud83e\udd2f<\/p>\n<p>\u2728 Comodidad para dormir rico.<br \/>\n\u2728 Estilo para lucirte bajo el sol.<br \/>\nTodo en un solo combo irresistible \ud83d\udc96<\/p>\n<p>\u23f3 Por tiempo limitado \u2014 no te quedes sin el tuyo.<br \/>\n\ud83d\udcf2 \u00a1elige tus estilos favoritos!<\/p>\n","protected":false},"excerpt":{"rendered":"<p>Aprovecha esta nueva promocion!<br \/>\nElige una Pijama y un Traje de Ba\u00f1o<br \/>\nPromo por L.990<\/p>\n<p>Costos por envio varian de acuerdo a la zona!<\/p>\n","protected":false},"featured_media":7090,"comment_status":"open","ping_status":"closed","template":"","meta":[],"product_cat":[22],"product_tag":[],"_links":{"self":[{"href":"https:\/\/soyfashiononline.com\/hn\/wp-json\/wp\/v2\/product\/5028"}],"collection":[{"href":"https:\/\/soyfashiononline.com\/hn\/wp-json\/wp\/v2\/product"}],"about":[{"href":"https:\/\/soyfashiononline.com\/hn\/wp-json\/wp\/v2\/types\/product"}],"replies":[{"embeddable":true,"href":"https:\/\/soyfashiononline.com\/hn\/wp-json\/wp\/v2\/comments?post=5028"}],"version-history":[{"count":4,"href":"https:\/\/soyfashiononline.com\/hn\/wp-json\/wp\/v2\/product\/5028\/revisions"}],"predecessor-version":[{"id":7091,"href":"https:\/\/soyfashiononline.com\/hn\/wp-json\/wp\/v2\/product\/5028\/revisions\/7091"}],"wp:featuredmedia":[{"embeddable":true,"href":"https:\/\/soyfashiononline.com\/hn\/wp-json\/wp\/v2\/media\/7090"}],"wp:attachment":[{"href":"https:\/\/soyfashiononline.com\/hn\/wp-json\/wp\/v2\/media?parent=5028"}],"wp:term":[{"taxonomy":"product_cat","embeddable":true,"href":"https:\/\/soyfashiononline.com\/hn\/wp-json\/wp\/v2\/product_cat?post=5028"},{"taxonomy":"product_tag","embeddable":true,"href":"https:\/\/soyfashiononline.com\/hn\/wp-json\/wp\/v2\/product_tag?post=5028"}],"curies":[{"name":"wp","href":"https:\/\/api.w.org\/{rel}","templated":true}]}}